{"id":13290,"date":"2024-12-11T10:42:58","date_gmt":"2024-12-11T09:42:58","guid":{"rendered":"https:\/\/www.wadprofessional.com\/accesorios-profesionales-peluqueria\/"},"modified":"2025-02-18T13:38:21","modified_gmt":"2025-02-18T12:38:21","slug":"accessoires-professionnels-coiffure","status":"publish","type":"page","link":"https:\/\/www.wadprofessional.com\/fr\/accessoires-professionnels-coiffure\/","title":{"rendered":"Accessoires"},"content":{"rendered":"","protected":false},"excerpt":{"rendered":"","protected":false},"author":2,"featured_media":0,"parent":0,"menu_order":0,"comment_status":"closed","ping_status":"closed","template":"","meta":{"footnotes":""},"class_list":["post-13290","page","type-page","status-publish","hentry"],"yoast_head":"<!-- This site is optimized with the Yoast SEO plugin v27.3 - https:\/\/yoast.com\/product\/yoast-seo-wordpress\/ -->\n<title>Accessoires Professionnels de Coiffure | WAD Professional Beauty<\/title>\n<meta name=\"description\" content=\"Couleurs vibrantes. Designs beaux et esth\u00e9tiques. Grande fonctionnalit\u00e9. Ergonomie surprenante. C&#039;est ce que sont les accessoires WAD. Comme ils sont diff\u00e9rents !\" \/>\n<meta name=\"robots\" content=\"index, follow, max-snippet:-1, max-image-preview:large, max-video-preview:-1\" \/>\n<link rel=\"canonical\" href=\"https:\/\/www.wadprofessional.com\/fr\/accessoires-professionnels-coiffure\/\" \/>\n<meta property=\"og:locale\" content=\"fr_FR\" \/>\n<meta property=\"og:type\" content=\"article\" \/>\n<meta property=\"og:title\" content=\"Accessoires Professionnels de Coiffure | WAD Professional Beauty\" \/>\n<meta property=\"og:description\" content=\"Couleurs vibrantes. Designs beaux et esth\u00e9tiques. Grande fonctionnalit\u00e9. Ergonomie surprenante. C&#039;est ce que sont les accessoires WAD. Comme ils sont diff\u00e9rents !\" \/>\n<meta property=\"og:url\" content=\"https:\/\/www.wadprofessional.com\/fr\/accessoires-professionnels-coiffure\/\" \/>\n<meta property=\"og:site_name\" content=\"WAD Professional\" \/>\n<meta property=\"article:modified_time\" content=\"2025-02-18T12:38:21+00:00\" \/>\n<meta name=\"twitter:card\" content=\"summary_large_image\" \/>\n<meta name=\"twitter:label1\" content=\"Dur\u00e9e de lecture estim\u00e9e\" \/>\n\t<meta name=\"twitter:data1\" content=\"1 minute\" \/>\n<script type=\"application\/ld+json\" class=\"yoast-schema-graph\">{\"@context\":\"https:\\\/\\\/schema.org\",\"@graph\":[{\"@type\":\"WebPage\",\"@id\":\"https:\\\/\\\/www.wadprofessional.com\\\/fr\\\/accessoires-professionnels-coiffure\\\/\",\"url\":\"https:\\\/\\\/www.wadprofessional.com\\\/fr\\\/accessoires-professionnels-coiffure\\\/\",\"name\":\"Accessoires Professionnels de Coiffure | WAD Professional Beauty\",\"isPartOf\":{\"@id\":\"https:\\\/\\\/www.wadprofessional.com\\\/fr\\\/#website\"},\"datePublished\":\"2024-12-11T09:42:58+00:00\",\"dateModified\":\"2025-02-18T12:38:21+00:00\",\"description\":\"Couleurs vibrantes. Designs beaux et esth\u00e9tiques. Grande fonctionnalit\u00e9. Ergonomie surprenante. C'est ce que sont les accessoires WAD. Comme ils sont diff\u00e9rents !\",\"breadcrumb\":{\"@id\":\"https:\\\/\\\/www.wadprofessional.com\\\/fr\\\/accessoires-professionnels-coiffure\\\/#breadcrumb\"},\"inLanguage\":\"fr-FR\",\"potentialAction\":[{\"@type\":\"ReadAction\",\"target\":[\"https:\\\/\\\/www.wadprofessional.com\\\/fr\\\/accessoires-professionnels-coiffure\\\/\"]}]},{\"@type\":\"BreadcrumbList\",\"@id\":\"https:\\\/\\\/www.wadprofessional.com\\\/fr\\\/accessoires-professionnels-coiffure\\\/#breadcrumb\",\"itemListElement\":[{\"@type\":\"ListItem\",\"position\":1,\"name\":\"Portada\",\"item\":\"https:\\\/\\\/www.wadprofessional.com\\\/fr\\\/\"},{\"@type\":\"ListItem\",\"position\":2,\"name\":\"Accessoires\"}]},{\"@type\":\"WebSite\",\"@id\":\"https:\\\/\\\/www.wadprofessional.com\\\/fr\\\/#website\",\"url\":\"https:\\\/\\\/www.wadprofessional.com\\\/fr\\\/\",\"name\":\"WAD Professional\",\"description\":\"What A Difference!\",\"potentialAction\":[{\"@type\":\"SearchAction\",\"target\":{\"@type\":\"EntryPoint\",\"urlTemplate\":\"https:\\\/\\\/www.wadprofessional.com\\\/fr\\\/?s={search_term_string}\"},\"query-input\":{\"@type\":\"PropertyValueSpecification\",\"valueRequired\":true,\"valueName\":\"search_term_string\"}}],\"inLanguage\":\"fr-FR\"}]}<\/script>\n<!-- \/ Yoast SEO plugin. -->","yoast_head_json":{"title":"Accessoires Professionnels de Coiffure | WAD Professional Beauty","description":"Couleurs vibrantes. Designs beaux et esth\u00e9tiques. Grande fonctionnalit\u00e9. Ergonomie surprenante. C'est ce que sont les accessoires WAD. Comme ils sont diff\u00e9rents !","robots":{"index":"index","follow":"follow","max-snippet":"max-snippet:-1","max-image-preview":"max-image-preview:large","max-video-preview":"max-video-preview:-1"},"canonical":"https:\/\/www.wadprofessional.com\/fr\/accessoires-professionnels-coiffure\/","og_locale":"fr_FR","og_type":"article","og_title":"Accessoires Professionnels de Coiffure | WAD Professional Beauty","og_description":"Couleurs vibrantes. Designs beaux et esth\u00e9tiques. Grande fonctionnalit\u00e9. Ergonomie surprenante. C'est ce que sont les accessoires WAD. Comme ils sont diff\u00e9rents !","og_url":"https:\/\/www.wadprofessional.com\/fr\/accessoires-professionnels-coiffure\/","og_site_name":"WAD Professional","article_modified_time":"2025-02-18T12:38:21+00:00","twitter_card":"summary_large_image","twitter_misc":{"Dur\u00e9e de lecture estim\u00e9e":"1 minute"},"schema":{"@context":"https:\/\/schema.org","@graph":[{"@type":"WebPage","@id":"https:\/\/www.wadprofessional.com\/fr\/accessoires-professionnels-coiffure\/","url":"https:\/\/www.wadprofessional.com\/fr\/accessoires-professionnels-coiffure\/","name":"Accessoires Professionnels de Coiffure | WAD Professional Beauty","isPartOf":{"@id":"https:\/\/www.wadprofessional.com\/fr\/#website"},"datePublished":"2024-12-11T09:42:58+00:00","dateModified":"2025-02-18T12:38:21+00:00","description":"Couleurs vibrantes. Designs beaux et esth\u00e9tiques. Grande fonctionnalit\u00e9. Ergonomie surprenante. C'est ce que sont les accessoires WAD. Comme ils sont diff\u00e9rents !","breadcrumb":{"@id":"https:\/\/www.wadprofessional.com\/fr\/accessoires-professionnels-coiffure\/#breadcrumb"},"inLanguage":"fr-FR","potentialAction":[{"@type":"ReadAction","target":["https:\/\/www.wadprofessional.com\/fr\/accessoires-professionnels-coiffure\/"]}]},{"@type":"BreadcrumbList","@id":"https:\/\/www.wadprofessional.com\/fr\/accessoires-professionnels-coiffure\/#breadcrumb","itemListElement":[{"@type":"ListItem","position":1,"name":"Portada","item":"https:\/\/www.wadprofessional.com\/fr\/"},{"@type":"ListItem","position":2,"name":"Accessoires"}]},{"@type":"WebSite","@id":"https:\/\/www.wadprofessional.com\/fr\/#website","url":"https:\/\/www.wadprofessional.com\/fr\/","name":"WAD Professional","description":"What A Difference!","potentialAction":[{"@type":"SearchAction","target":{"@type":"EntryPoint","urlTemplate":"https:\/\/www.wadprofessional.com\/fr\/?s={search_term_string}"},"query-input":{"@type":"PropertyValueSpecification","valueRequired":true,"valueName":"search_term_string"}}],"inLanguage":"fr-FR"}]}},"_links":{"self":[{"href":"https:\/\/www.wadprofessional.com\/fr\/wp-json\/wp\/v2\/pages\/13290","targetHints":{"allow":["GET"]}}],"collection":[{"href":"https:\/\/www.wadprofessional.com\/fr\/wp-json\/wp\/v2\/pages"}],"about":[{"href":"https:\/\/www.wadprofessional.com\/fr\/wp-json\/wp\/v2\/types\/page"}],"author":[{"embeddable":true,"href":"https:\/\/www.wadprofessional.com\/fr\/wp-json\/wp\/v2\/users\/2"}],"replies":[{"embeddable":true,"href":"https:\/\/www.wadprofessional.com\/fr\/wp-json\/wp\/v2\/comments?post=13290"}],"version-history":[{"count":3,"href":"https:\/\/www.wadprofessional.com\/fr\/wp-json\/wp\/v2\/pages\/13290\/revisions"}],"predecessor-version":[{"id":13300,"href":"https:\/\/www.wadprofessional.com\/fr\/wp-json\/wp\/v2\/pages\/13290\/revisions\/13300"}],"wp:attachment":[{"href":"https:\/\/www.wadprofessional.com\/fr\/wp-json\/wp\/v2\/media?parent=13290"}],"curies":[{"name":"wp","href":"https:\/\/api.w.org\/{rel}","templated":true}]}}