{"id":9070,"date":"2022-12-28T11:59:23","date_gmt":"2022-12-28T10:59:23","guid":{"rendered":"https:\/\/www.wadprofessional.com\/contact-wad-professional-beauty\/"},"modified":"2023-06-08T16:37:47","modified_gmt":"2023-06-08T14:37:47","slug":"contact-wad-professional-beauty","status":"publish","type":"page","link":"https:\/\/www.wadprofessional.com\/fr\/contact-wad-professional-beauty\/","title":{"rendered":"Contact"},"content":{"rendered":"","protected":false},"excerpt":{"rendered":"","protected":false},"author":2,"featured_media":0,"parent":0,"menu_order":0,"comment_status":"closed","ping_status":"closed","template":"","meta":{"footnotes":""},"class_list":["post-9070","page","type-page","status-publish","hentry"],"yoast_head":"<!-- This site is optimized with the Yoast SEO plugin v27.3 - https:\/\/yoast.com\/product\/yoast-seo-wordpress\/ -->\n<title>Contacter | WAD Professional Beauty<\/title>\n<meta name=\"description\" content=\"Rejoignez la diff\u00e9rence ! Contactez-nous et d\u00e9couvrez pourquoi nous faisons la diff\u00e9rence !\" \/>\n<meta name=\"robots\" content=\"index, follow, max-snippet:-1, max-image-preview:large, max-video-preview:-1\" \/>\n<link rel=\"canonical\" href=\"https:\/\/www.wadprofessional.com\/fr\/contact-wad-professional-beauty\/\" \/>\n<meta property=\"og:locale\" content=\"fr_FR\" \/>\n<meta property=\"og:type\" content=\"article\" \/>\n<meta property=\"og:title\" content=\"Contacter | WAD Professional Beauty\" \/>\n<meta property=\"og:description\" content=\"Rejoignez la diff\u00e9rence ! Contactez-nous et d\u00e9couvrez pourquoi nous faisons la diff\u00e9rence !\" \/>\n<meta property=\"og:url\" content=\"https:\/\/www.wadprofessional.com\/fr\/contact-wad-professional-beauty\/\" \/>\n<meta property=\"og:site_name\" content=\"WAD Professional\" \/>\n<meta property=\"article:modified_time\" content=\"2023-06-08T14:37:47+00:00\" \/>\n<meta name=\"twitter:card\" content=\"summary_large_image\" \/>\n<script type=\"application\/ld+json\" class=\"yoast-schema-graph\">{\"@context\":\"https:\\\/\\\/schema.org\",\"@graph\":[{\"@type\":\"WebPage\",\"@id\":\"https:\\\/\\\/www.wadprofessional.com\\\/fr\\\/contact-wad-professional-beauty\\\/\",\"url\":\"https:\\\/\\\/www.wadprofessional.com\\\/fr\\\/contact-wad-professional-beauty\\\/\",\"name\":\"Contacter | WAD Professional Beauty\",\"isPartOf\":{\"@id\":\"https:\\\/\\\/www.wadprofessional.com\\\/fr\\\/#website\"},\"datePublished\":\"2022-12-28T10:59:23+00:00\",\"dateModified\":\"2023-06-08T14:37:47+00:00\",\"description\":\"Rejoignez la diff\u00e9rence ! Contactez-nous et d\u00e9couvrez pourquoi nous faisons la diff\u00e9rence !\",\"breadcrumb\":{\"@id\":\"https:\\\/\\\/www.wadprofessional.com\\\/fr\\\/contact-wad-professional-beauty\\\/#breadcrumb\"},\"inLanguage\":\"fr-FR\",\"potentialAction\":[{\"@type\":\"ReadAction\",\"target\":[\"https:\\\/\\\/www.wadprofessional.com\\\/fr\\\/contact-wad-professional-beauty\\\/\"]}]},{\"@type\":\"BreadcrumbList\",\"@id\":\"https:\\\/\\\/www.wadprofessional.com\\\/fr\\\/contact-wad-professional-beauty\\\/#breadcrumb\",\"itemListElement\":[{\"@type\":\"ListItem\",\"position\":1,\"name\":\"Portada\",\"item\":\"https:\\\/\\\/www.wadprofessional.com\\\/fr\\\/\"},{\"@type\":\"ListItem\",\"position\":2,\"name\":\"Contact\"}]},{\"@type\":\"WebSite\",\"@id\":\"https:\\\/\\\/www.wadprofessional.com\\\/fr\\\/#website\",\"url\":\"https:\\\/\\\/www.wadprofessional.com\\\/fr\\\/\",\"name\":\"WAD Professional\",\"description\":\"What A Difference!\",\"potentialAction\":[{\"@type\":\"SearchAction\",\"target\":{\"@type\":\"EntryPoint\",\"urlTemplate\":\"https:\\\/\\\/www.wadprofessional.com\\\/fr\\\/?s={search_term_string}\"},\"query-input\":{\"@type\":\"PropertyValueSpecification\",\"valueRequired\":true,\"valueName\":\"search_term_string\"}}],\"inLanguage\":\"fr-FR\"}]}<\/script>\n<!-- \/ Yoast SEO plugin. -->","yoast_head_json":{"title":"Contacter | WAD Professional Beauty","description":"Rejoignez la diff\u00e9rence ! Contactez-nous et d\u00e9couvrez pourquoi nous faisons la diff\u00e9rence !","robots":{"index":"index","follow":"follow","max-snippet":"max-snippet:-1","max-image-preview":"max-image-preview:large","max-video-preview":"max-video-preview:-1"},"canonical":"https:\/\/www.wadprofessional.com\/fr\/contact-wad-professional-beauty\/","og_locale":"fr_FR","og_type":"article","og_title":"Contacter | WAD Professional Beauty","og_description":"Rejoignez la diff\u00e9rence ! Contactez-nous et d\u00e9couvrez pourquoi nous faisons la diff\u00e9rence !","og_url":"https:\/\/www.wadprofessional.com\/fr\/contact-wad-professional-beauty\/","og_site_name":"WAD Professional","article_modified_time":"2023-06-08T14:37:47+00:00","twitter_card":"summary_large_image","schema":{"@context":"https:\/\/schema.org","@graph":[{"@type":"WebPage","@id":"https:\/\/www.wadprofessional.com\/fr\/contact-wad-professional-beauty\/","url":"https:\/\/www.wadprofessional.com\/fr\/contact-wad-professional-beauty\/","name":"Contacter | WAD Professional Beauty","isPartOf":{"@id":"https:\/\/www.wadprofessional.com\/fr\/#website"},"datePublished":"2022-12-28T10:59:23+00:00","dateModified":"2023-06-08T14:37:47+00:00","description":"Rejoignez la diff\u00e9rence ! Contactez-nous et d\u00e9couvrez pourquoi nous faisons la diff\u00e9rence !","breadcrumb":{"@id":"https:\/\/www.wadprofessional.com\/fr\/contact-wad-professional-beauty\/#breadcrumb"},"inLanguage":"fr-FR","potentialAction":[{"@type":"ReadAction","target":["https:\/\/www.wadprofessional.com\/fr\/contact-wad-professional-beauty\/"]}]},{"@type":"BreadcrumbList","@id":"https:\/\/www.wadprofessional.com\/fr\/contact-wad-professional-beauty\/#breadcrumb","itemListElement":[{"@type":"ListItem","position":1,"name":"Portada","item":"https:\/\/www.wadprofessional.com\/fr\/"},{"@type":"ListItem","position":2,"name":"Contact"}]},{"@type":"WebSite","@id":"https:\/\/www.wadprofessional.com\/fr\/#website","url":"https:\/\/www.wadprofessional.com\/fr\/","name":"WAD Professional","description":"What A Difference!","potentialAction":[{"@type":"SearchAction","target":{"@type":"EntryPoint","urlTemplate":"https:\/\/www.wadprofessional.com\/fr\/?s={search_term_string}"},"query-input":{"@type":"PropertyValueSpecification","valueRequired":true,"valueName":"search_term_string"}}],"inLanguage":"fr-FR"}]}},"_links":{"self":[{"href":"https:\/\/www.wadprofessional.com\/fr\/wp-json\/wp\/v2\/pages\/9070","targetHints":{"allow":["GET"]}}],"collection":[{"href":"https:\/\/www.wadprofessional.com\/fr\/wp-json\/wp\/v2\/pages"}],"about":[{"href":"https:\/\/www.wadprofessional.com\/fr\/wp-json\/wp\/v2\/types\/page"}],"author":[{"embeddable":true,"href":"https:\/\/www.wadprofessional.com\/fr\/wp-json\/wp\/v2\/users\/2"}],"replies":[{"embeddable":true,"href":"https:\/\/www.wadprofessional.com\/fr\/wp-json\/wp\/v2\/comments?post=9070"}],"version-history":[{"count":5,"href":"https:\/\/www.wadprofessional.com\/fr\/wp-json\/wp\/v2\/pages\/9070\/revisions"}],"predecessor-version":[{"id":10721,"href":"https:\/\/www.wadprofessional.com\/fr\/wp-json\/wp\/v2\/pages\/9070\/revisions\/10721"}],"wp:attachment":[{"href":"https:\/\/www.wadprofessional.com\/fr\/wp-json\/wp\/v2\/media?parent=9070"}],"curies":[{"name":"wp","href":"https:\/\/api.w.org\/{rel}","templated":true}]}}